{"id":1024,"date":"2019-06-18T22:33:08","date_gmt":"2019-06-18T22:33:08","guid":{"rendered":"http:\/\/www.crechelarconstanteometto.com.br\/site\/?page_id=1024"},"modified":"2021-12-08T02:31:38","modified_gmt":"2021-12-08T02:31:38","slug":"faleconosco","status":"publish","type":"page","link":"http:\/\/www.crechelarconstanteometto.com.br\/site\/faleconosco\/","title":{"rendered":"Fale Conosco"},"content":{"rendered":"\t\t<div data-elementor-type=\"wp-post\" data-elementor-id=\"1024\" class=\"elementor elementor-1024\">\n\t\t\t\t\t\t<div class=\"elementor-inner\">\n\t\t\t\t<div class=\"elementor-section-wrap\">\n\t\t\t\t\t\t\t\t\t<section class=\"elementor-section elementor-top-section elementor-element elementor-element-c941007 elementor-section-boxed elementor-section-height-default elementor-section-height-default\" data-id=\"c941007\" data-element_type=\"section\">\n\t\t\t\t\t\t<div class=\"elementor-container elementor-column-gap-default\">\n\t\t\t\t\t\t\t<div class=\"elementor-row\">\n\t\t\t\t\t<div class=\"elementor-column elementor-col-100 elementor-top-column elementor-element elementor-element-26b3078\" data-id=\"26b3078\" data-element_type=\"column\">\n\t\t\t<div class=\"elementor-column-wrap elementor-element-populated\">\n\t\t\t\t\t\t\t<div class=\"elementor-widget-wrap\">\n\t\t\t\t\t\t<div class=\"elementor-element elementor-element-1569cbf elementor-widget elementor-widget-heading\" data-id=\"1569cbf\" data-element_type=\"widget\" data-widget_type=\"heading.default\">\n\t\t\t\t<div class=\"elementor-widget-container\">\n\t\t\t<h1 class=\"elementor-heading-title elementor-size-default\">Fale Conosco<\/h1>\t\t<\/div>\n\t\t\t\t<\/div>\n\t\t\t\t<div class=\"elementor-element elementor-element-bccb086 elementor-widget elementor-widget-sidebar\" data-id=\"bccb086\" data-element_type=\"widget\" data-widget_type=\"sidebar.default\">\n\t\t\t\t<div class=\"elementor-widget-container\">\n\t\t\t<aside id=\"search-3\" class=\"widget widget_search\"><h2 class=\"widget-title\">Pesquisar<\/h2><form role=\"search\" method=\"get\" class=\"search-form\" action=\"http:\/\/www.crechelarconstanteometto.com.br\/site\/\">\n\t<label>\n\t\t<span class=\"screen-reader-text\">Pesquisar por:<\/span>\n\t\t<input type=\"search\" class=\"search-field\"  placeholder=\"Pesquisar &hellip;\" value=\"\" name=\"s\" tabindex=\"-1\">\n\t\t\t<\/label>\n\t\t\t<input type=\"submit\" class=\"search-submit\" value=\"Pesquisar\">\n\t<\/form>\n<\/aside>\t\t<\/div>\n\t\t\t\t<\/div>\n\t\t\t\t\t\t<\/div>\n\t\t\t\t\t<\/div>\n\t\t<\/div>\n\t\t\t\t\t\t\t\t<\/div>\n\t\t\t\t\t<\/div>\n\t\t<\/section>\n\t\t\t\t<section class=\"elementor-section elementor-top-section elementor-element elementor-element-21402389 elementor-section-content-middle elementor-reverse-mobile elementor-section-boxed elementor-section-height-default elementor-section-height-default\" data-id=\"21402389\" data-element_type=\"section\">\n\t\t\t\t\t\t<div class=\"elementor-container elementor-column-gap-no\">\n\t\t\t\t\t\t\t<div class=\"elementor-row\">\n\t\t\t\t\t<div class=\"elementor-column elementor-col-50 elementor-top-column elementor-element elementor-element-2cf0064e\" data-id=\"2cf0064e\" data-element_type=\"column\">\n\t\t\t<div class=\"elementor-column-wrap elementor-element-populated\">\n\t\t\t\t\t\t\t<div class=\"elementor-widget-wrap\">\n\t\t\t\t\t\t<div class=\"elementor-element elementor-element-55846de4 elementor-widget elementor-widget-google_maps\" data-id=\"55846de4\" data-element_type=\"widget\" data-widget_type=\"google_maps.default\">\n\t\t\t\t<div class=\"elementor-widget-container\">\n\t\t\t\t\t<div class=\"elementor-custom-embed\">\n\t\t\t<iframe loading=\"lazy\"\n\t\t\t\t\tsrc=\"https:\/\/maps.google.com\/maps?q=rua%20Antonio%20Joaquim%20Fagundes%2C%2081%2C%20Iracem%C3%A1polis&#038;t=m&#038;z=18&#038;output=embed&#038;iwloc=near\"\n\t\t\t\t\ttitle=\"rua Antonio Joaquim Fagundes, 81, Iracem\u00e1polis\"\n\t\t\t\t\taria-label=\"rua Antonio Joaquim Fagundes, 81, Iracem\u00e1polis\"\n\t\t\t><\/iframe>\n\t\t<\/div>\n\t\t\t\t<\/div>\n\t\t\t\t<\/div>\n\t\t\t\t\t\t<\/div>\n\t\t\t\t\t<\/div>\n\t\t<\/div>\n\t\t\t\t<div class=\"elementor-column elementor-col-50 elementor-top-column elementor-element elementor-element-7912879\" data-id=\"7912879\" data-element_type=\"column\">\n\t\t\t<div class=\"elementor-column-wrap elementor-element-populated\">\n\t\t\t\t\t\t\t<div class=\"elementor-widget-wrap\">\n\t\t\t\t\t\t<div class=\"elementor-element elementor-element-60c31d93 elementor-widget elementor-widget-heading\" data-id=\"60c31d93\" data-element_type=\"widget\" data-widget_type=\"heading.default\">\n\t\t\t\t<div class=\"elementor-widget-container\">\n\t\t\t<h1 class=\"elementor-heading-title elementor-size-default\">Entre em contato com a gente<\/h1>\t\t<\/div>\n\t\t\t\t<\/div>\n\t\t\t\t<section class=\"elementor-section elementor-inner-section elementor-element elementor-element-a1f65bf elementor-section-boxed elementor-section-height-default elementor-section-height-default\" data-id=\"a1f65bf\" data-element_type=\"section\">\n\t\t\t\t\t\t<div class=\"elementor-container elementor-column-gap-default\">\n\t\t\t\t\t\t\t<div class=\"elementor-row\">\n\t\t\t\t\t<div class=\"elementor-column elementor-col-50 elementor-inner-column elementor-element elementor-element-4d910474\" data-id=\"4d910474\" data-element_type=\"column\">\n\t\t\t<div class=\"elementor-column-wrap elementor-element-populated\">\n\t\t\t\t\t\t\t<div class=\"elementor-widget-wrap\">\n\t\t\t\t\t\t<div class=\"elementor-element elementor-element-4a1410b1 elementor-widget elementor-widget-heading\" data-id=\"4a1410b1\" data-element_type=\"widget\" data-widget_type=\"heading.default\">\n\t\t\t\t<div class=\"elementor-widget-container\">\n\t\t\t<div class=\"elementor-heading-title elementor-size-default\">Endere\u00e7o<\/div>\t\t<\/div>\n\t\t\t\t<\/div>\n\t\t\t\t<div class=\"elementor-element elementor-element-42e03db9 elementor-widget elementor-widget-text-editor\" data-id=\"42e03db9\" data-element_type=\"widget\" data-widget_type=\"text-editor.default\">\n\t\t\t\t<div class=\"elementor-widget-container\">\n\t\t\t\t\t\t\t\t<div class=\"elementor-text-editor elementor-clearfix\">\n\t\t\t\t<p><span style=\"color: #000000; font-family: 'Times New Roman', sans-serif; font-size: 20px; font-style: normal; font-weight: 400; text-align: center; white-space: pre-wrap;\">Rua Ant\u00f4nio Joaquim Fagundes, 81 &#8211; Iracem\u00e1polis<\/span><\/p>\t\t\t\t\t<\/div>\n\t\t\t\t\t\t<\/div>\n\t\t\t\t<\/div>\n\t\t\t\t\t\t<\/div>\n\t\t\t\t\t<\/div>\n\t\t<\/div>\n\t\t\t\t<div class=\"elementor-column elementor-col-50 elementor-inner-column elementor-element elementor-element-24538c4e\" data-id=\"24538c4e\" data-element_type=\"column\">\n\t\t\t<div class=\"elementor-column-wrap elementor-element-populated\">\n\t\t\t\t\t\t\t<div class=\"elementor-widget-wrap\">\n\t\t\t\t\t\t<div class=\"elementor-element elementor-element-5533022 elementor-widget elementor-widget-heading\" data-id=\"5533022\" data-element_type=\"widget\" data-widget_type=\"heading.default\">\n\t\t\t\t<div class=\"elementor-widget-container\">\n\t\t\t<div class=\"elementor-heading-title elementor-size-default\">telefone<\/div>\t\t<\/div>\n\t\t\t\t<\/div>\n\t\t\t\t<div class=\"elementor-element elementor-element-2c537def elementor-widget elementor-widget-text-editor\" data-id=\"2c537def\" data-element_type=\"widget\" data-widget_type=\"text-editor.default\">\n\t\t\t\t<div class=\"elementor-widget-container\">\n\t\t\t\t\t\t\t\t<div class=\"elementor-text-editor elementor-clearfix\">\n\t\t\t\t<p><span style=\"color: #000000; font-family: 'Times New Roman', sans-serif; font-size: 20px; font-style: normal; font-weight: 400; text-align: center; white-space: pre-wrap;\">(19) 3456 &#8211; 3337<\/span><\/p>\t\t\t\t\t<\/div>\n\t\t\t\t\t\t<\/div>\n\t\t\t\t<\/div>\n\t\t\t\t\t\t<\/div>\n\t\t\t\t\t<\/div>\n\t\t<\/div>\n\t\t\t\t\t\t\t\t<\/div>\n\t\t\t\t\t<\/div>\n\t\t<\/section>\n\t\t\t\t<section class=\"elementor-section elementor-inner-section elementor-element elementor-element-c6d1407 elementor-section-boxed elementor-section-height-default elementor-section-height-default\" data-id=\"c6d1407\" data-element_type=\"section\">\n\t\t\t\t\t\t<div class=\"elementor-container elementor-column-gap-default\">\n\t\t\t\t\t\t\t<div class=\"elementor-row\">\n\t\t\t\t\t<div class=\"elementor-column elementor-col-50 elementor-inner-column elementor-element elementor-element-1a5c552\" data-id=\"1a5c552\" data-element_type=\"column\">\n\t\t\t<div class=\"elementor-column-wrap elementor-element-populated\">\n\t\t\t\t\t\t\t<div class=\"elementor-widget-wrap\">\n\t\t\t\t\t\t<div class=\"elementor-element elementor-element-cf74ea2 elementor-widget elementor-widget-heading\" data-id=\"cf74ea2\" data-element_type=\"widget\" data-widget_type=\"heading.default\">\n\t\t\t\t<div class=\"elementor-widget-container\">\n\t\t\t<div class=\"elementor-heading-title elementor-size-default\">EMail<\/div>\t\t<\/div>\n\t\t\t\t<\/div>\n\t\t\t\t<div class=\"elementor-element elementor-element-e0aece6 elementor-widget elementor-widget-text-editor\" data-id=\"e0aece6\" data-element_type=\"widget\" data-widget_type=\"text-editor.default\">\n\t\t\t\t<div class=\"elementor-widget-container\">\n\t\t\t\t\t\t\t\t<div class=\"elementor-text-editor elementor-clearfix\">\n\t\t\t\t<p><span style=\"font-family: 'Times New Roman', sans-serif; font-size: 20px; font-style: normal; font-weight: 400; text-align: center; white-space: pre-wrap;\">contato@crechelarconstanteometto.com.br<\/span><\/p>\t\t\t\t\t<\/div>\n\t\t\t\t\t\t<\/div>\n\t\t\t\t<\/div>\n\t\t\t\t<div class=\"elementor-element elementor-element-4381c6d elementor-widget elementor-widget-text-editor\" data-id=\"4381c6d\" data-element_type=\"widget\" data-widget_type=\"text-editor.default\">\n\t\t\t\t<div class=\"elementor-widget-container\">\n\t\t\t\t\t\t\t\t<div class=\"elementor-text-editor elementor-clearfix\">\n\t\t\t\t\t\t\t\t\t<\/div>\n\t\t\t\t\t\t<\/div>\n\t\t\t\t<\/div>\n\t\t\t\t\t\t<\/div>\n\t\t\t\t\t<\/div>\n\t\t<\/div>\n\t\t\t\t<div class=\"elementor-column elementor-col-50 elementor-inner-column elementor-element elementor-element-8fdd025\" data-id=\"8fdd025\" data-element_type=\"column\">\n\t\t\t<div class=\"elementor-column-wrap\">\n\t\t\t\t\t\t\t<div class=\"elementor-widget-wrap\">\n\t\t\t\t\t\t\t\t<\/div>\n\t\t\t\t\t<\/div>\n\t\t<\/div>\n\t\t\t\t\t\t\t\t<\/div>\n\t\t\t\t\t<\/div>\n\t\t<\/section>\n\t\t\t\t<section class=\"elementor-section elementor-inner-section elementor-element elementor-element-48d633a9 elementor-section-boxed elementor-section-height-default elementor-section-height-default\" data-id=\"48d633a9\" data-element_type=\"section\">\n\t\t\t\t\t\t<div class=\"elementor-container elementor-column-gap-default\">\n\t\t\t\t\t\t\t<div class=\"elementor-row\">\n\t\t\t\t\t<div class=\"elementor-column elementor-col-50 elementor-inner-column elementor-element elementor-element-4616e4fe\" data-id=\"4616e4fe\" data-element_type=\"column\">\n\t\t\t<div class=\"elementor-column-wrap elementor-element-populated\">\n\t\t\t\t\t\t\t<div class=\"elementor-widget-wrap\">\n\t\t\t\t\t\t<div class=\"elementor-element elementor-element-525e57e4 elementor-widget elementor-widget-heading\" data-id=\"525e57e4\" data-element_type=\"widget\" data-widget_type=\"heading.default\">\n\t\t\t\t<div class=\"elementor-widget-container\">\n\t\t\t<div class=\"elementor-heading-title elementor-size-default\">HOR\u00c1RIO DE FUNCIONAMENTO<\/div>\t\t<\/div>\n\t\t\t\t<\/div>\n\t\t\t\t<div class=\"elementor-element elementor-element-312ed1bd elementor-widget elementor-widget-text-editor\" data-id=\"312ed1bd\" data-element_type=\"widget\" data-widget_type=\"text-editor.default\">\n\t\t\t\t<div class=\"elementor-widget-container\">\n\t\t\t\t\t\t\t\t<div class=\"elementor-text-editor elementor-clearfix\">\n\t\t\t\t<p>SEG-SEX 06:30 &#8211; 17:30<\/p>\t\t\t\t\t<\/div>\n\t\t\t\t\t\t<\/div>\n\t\t\t\t<\/div>\n\t\t\t\t<div class=\"elementor-element elementor-element-3172bc0e elementor-widget elementor-widget-text-editor\" data-id=\"3172bc0e\" data-element_type=\"widget\" data-widget_type=\"text-editor.default\">\n\t\t\t\t<div class=\"elementor-widget-container\">\n\t\t\t\t\t\t\t\t<div class=\"elementor-text-editor elementor-clearfix\">\n\t\t\t\t\t\t\t\t\t<\/div>\n\t\t\t\t\t\t<\/div>\n\t\t\t\t<\/div>\n\t\t\t\t\t\t<\/div>\n\t\t\t\t\t<\/div>\n\t\t<\/div>\n\t\t\t\t<div class=\"elementor-column elementor-col-50 elementor-inner-column elementor-element elementor-element-5410b6e9\" data-id=\"5410b6e9\" data-element_type=\"column\">\n\t\t\t<div class=\"elementor-column-wrap elementor-element-populated\">\n\t\t\t\t\t\t\t<div class=\"elementor-widget-wrap\">\n\t\t\t\t\t\t<div class=\"elementor-element elementor-element-46aafcb0 elementor-widget elementor-widget-heading\" data-id=\"46aafcb0\" data-element_type=\"widget\" data-widget_type=\"heading.default\">\n\t\t\t\t<div class=\"elementor-widget-container\">\n\t\t\t<div class=\"elementor-heading-title elementor-size-default\">NOS SIGA NAS REDES SOCIAIS<\/div>\t\t<\/div>\n\t\t\t\t<\/div>\n\t\t\t\t<div class=\"elementor-element elementor-element-12a2f4d1 elementor-shape-square e-grid-align-left elementor-grid-0 elementor-widget elementor-widget-social-icons\" data-id=\"12a2f4d1\" data-element_type=\"widget\" data-widget_type=\"social-icons.default\">\n\t\t\t\t<div class=\"elementor-widget-container\">\n\t\t\t\t\t<div class=\"elementor-social-icons-wrapper elementor-grid\">\n\t\t\t\t\t\t\t<span class=\"elementor-grid-item\">\n\t\t\t\t\t<a class=\"elementor-icon elementor-social-icon elementor-social-icon-facebook elementor-animation-grow elementor-repeater-item-2d0da0c\" href=\"https:\/\/www.facebook.com\/creche.larconstanteometto.3\" target=\"_blank\">\n\t\t\t\t\t\t<span class=\"elementor-screen-only\">Facebook<\/span>\n\t\t\t\t\t\t\t\t\t\t\t\t\t<i class=\"fa fa-facebook\"><\/i>\n\t\t\t\t\t\t\t\t\t\t\t<\/a>\n\t\t\t\t<\/span>\n\t\t\t\t\t<\/div>\n\t\t\t\t<\/div>\n\t\t\t\t<\/div>\n\t\t\t\t\t\t<\/div>\n\t\t\t\t\t<\/div>\n\t\t<\/div>\n\t\t\t\t\t\t\t\t<\/div>\n\t\t\t\t\t<\/div>\n\t\t<\/section>\n\t\t\t\t\t\t<\/div>\n\t\t\t\t\t<\/div>\n\t\t<\/div>\n\t\t\t\t\t\t\t\t<\/div>\n\t\t\t\t\t<\/div>\n\t\t<\/section>\n\t\t\t\t<section class=\"elementor-section elementor-top-section elementor-element elementor-element-160a86c elementor-section-boxed elementor-section-height-default elementor-section-height-default\" data-id=\"160a86c\" data-element_type=\"section\">\n\t\t\t\t\t\t<div class=\"elementor-container elementor-column-gap-default\">\n\t\t\t\t\t\t\t<div class=\"elementor-row\">\n\t\t\t\t\t<div class=\"elementor-column elementor-col-100 elementor-top-column elementor-element elementor-element-454c7e8\" data-id=\"454c7e8\" data-element_type=\"column\">\n\t\t\t<div class=\"elementor-column-wrap elementor-element-populated\">\n\t\t\t\t\t\t\t<div class=\"elementor-widget-wrap\">\n\t\t\t\t\t\t<div class=\"elementor-element elementor-element-b95ff9d elementor-widget elementor-widget-heading\" data-id=\"b95ff9d\" data-element_type=\"widget\" data-widget_type=\"heading.default\">\n\t\t\t\t<div class=\"elementor-widget-container\">\n\t\t\t<h2 class=\"elementor-heading-title elementor-size-default\"><h1 class=\"elementor-heading-title elementor-size-default elementor-inline-editing pen\" data-elementor-setting-key=\"title\" data-pen-placeholder=\"Digite aqui...\" style=\"font-size: 40px; font-style: normal; font-weight: 900; color: rgb(0, 0, 0); font-family: Tahoma, sans-serif;\">Ouvidoria<\/h1><\/h2>\t\t<\/div>\n\t\t\t\t<\/div>\n\t\t\t\t\t\t<\/div>\n\t\t\t\t\t<\/div>\n\t\t<\/div>\n\t\t\t\t\t\t\t\t<\/div>\n\t\t\t\t\t<\/div>\n\t\t<\/section>\n\t\t\t\t<section class=\"elementor-section elementor-top-section elementor-element elementor-element-cdb9b86 elementor-section-boxed elementor-section-height-default elementor-section-height-default\" data-id=\"cdb9b86\" data-element_type=\"section\">\n\t\t\t\t\t\t<div class=\"elementor-container elementor-column-gap-default\">\n\t\t\t\t\t\t\t<div class=\"elementor-row\">\n\t\t\t\t\t<div class=\"elementor-column elementor-col-100 elementor-top-column elementor-element elementor-element-747e580\" data-id=\"747e580\" data-element_type=\"column\">\n\t\t\t<div class=\"elementor-column-wrap elementor-element-populated\">\n\t\t\t\t\t\t\t<div class=\"elementor-widget-wrap\">\n\t\t\t\t\t\t<div class=\"elementor-element elementor-element-90f7f25 elementor-widget elementor-widget-text-editor\" data-id=\"90f7f25\" data-element_type=\"widget\" data-widget_type=\"text-editor.default\">\n\t\t\t\t<div class=\"elementor-widget-container\">\n\t\t\t\t\t\t\t\t<div class=\"elementor-text-editor elementor-clearfix\">\n\t\t\t\t<p>Tipos de manifesta\u00e7\u00e3o: Solicita\u00e7\u00e3o de Informa\u00e7\u00e3o, Reclama\u00e7\u00e3o, Denuncia, Sugest\u00e3o ou Elogio.<\/p>\n<p>Clique<a href=\"https:\/\/eouve.com.br\/#\/\" target=\"_blank\"> aqui&nbsp;<\/a>para registrar sua manifesta\u00e7\u00e3o diretamente no sistema de ouvidoria da Prefeitura Municipal de Iracem\u00e1polis.&nbsp;<span style=\"font-size: 20px;\">Voc\u00ea deve selecionar o Estado de S\u00e3o Paulo &gt; Escolher a cidade de Iracem\u00e1polis &gt; e clicar no \u00edcone da administra\u00e7\u00e3o. Crie uma conta ou fa\u00e7a login e registre sua manifesta\u00e7\u00e3o.<\/span><\/p>\n<p><\/p>\n<p>Ou entre em contato conosco:<\/p>\n<p><span style=\"color: #000000; font-family: 'Times New Roman', sans-serif; font-size: 20px; font-style: normal; font-weight: 400; text-align: center; white-space: pre-wrap;\">contato@crechelarconstanteometto.com.br<\/span><\/p>\n<p><\/p>\t\t\t\t\t<\/div>\n\t\t\t\t\t\t<\/div>\n\t\t\t\t<\/div>\n\t\t\t\t\t\t<\/div>\n\t\t\t\t\t<\/div>\n\t\t<\/div>\n\t\t\t\t\t\t\t\t<\/div>\n\t\t\t\t\t<\/div>\n\t\t<\/section>\n\t\t\t\t\t\t\t\t\t<\/div>\n\t\t\t<\/div>\n\t\t\t\t\t<\/div>\n\t\t","protected":false},"excerpt":{"rendered":"<p>Fale Conosco Entre em contato com a gente Endere\u00e7o Rua Ant\u00f4nio Joaquim Fagundes, 81 &#8211; Iracem\u00e1polis telefone (19) 3456 &#8211; 3337 EMail contato@crechelarconstanteometto.com.br HOR\u00c1RIO DE FUNCIONAMENTO SEG-SEX 06:30 &#8211; 17:30 NOS SIGA NAS REDES SOCIAIS Facebook Ouvidoria Tipos de manifesta\u00e7\u00e3o: Solicita\u00e7\u00e3o de Informa\u00e7\u00e3o, Reclama\u00e7\u00e3o, Denuncia, Sugest\u00e3o ou Elogio. Clique aqui&nbsp;para registrar sua manifesta\u00e7\u00e3o diretamente no &hellip;<\/p>\n<p class=\"read-more\"> <a class=\"\" href=\"http:\/\/www.crechelarconstanteometto.com.br\/site\/faleconosco\/\"> <span class=\"screen-reader-text\">Fale Conosco<\/span> Leia mais &raquo;<\/a><\/p>\n","protected":false},"author":1,"featured_media":0,"parent":0,"menu_order":0,"comment_status":"closed","ping_status":"closed","template":"","meta":{"site-sidebar-layout":"no-sidebar","site-content-layout":"page-builder","ast-global-header-display":"","ast-main-header-display":"","ast-hfb-above-header-display":"","ast-hfb-below-header-display":"","ast-hfb-mobile-header-display":"","site-post-title":"disabled","ast-breadcrumbs-content":"","ast-featured-img":"disabled","footer-sml-layout":"","theme-transparent-header-meta":"default","adv-header-id-meta":"","stick-header-meta":"","header-above-stick-meta":"","header-main-stick-meta":"","header-below-stick-meta":"","footnotes":""},"jetpack_sharing_enabled":true,"jetpack_shortlink":"https:\/\/wp.me\/Pa6Gk1-gw","jetpack-related-posts":[{"id":7,"url":"http:\/\/www.crechelarconstanteometto.com.br\/site\/","url_meta":{"origin":1024,"position":0},"title":"Home","date":"julho 27, 2017","format":false,"excerpt":"Alegria, divers\u00e3o e comprometimento com o futuro Cada pequeno gesto nos ajuda imensamente no cumprimento da nossa miss\u00e3o Envolva-se. Seja volunt\u00e1rio. Nossa localiza\u00e7\u00e3o Nos encontre no Google Maps Seja volunt\u00e1rio Preencha os campos no formul\u00e1rio Entre em contato Converse com a gente! Envie sua d\u00favida, pergunta ou reclama\u00e7\u00e3o Sobre n\u00f3s\u2026","rel":"","context":"Post similar","img":{"alt_text":"","src":"https:\/\/i0.wp.com\/www.crechelarconstanteometto.com.br\/site\/wp-content\/uploads\/2018\/07\/foto-fachada.jpg?resize=350%2C200","width":350,"height":200},"classes":[]},{"id":1382,"url":"http:\/\/www.crechelarconstanteometto.com.br\/site\/perguntas-frequentes\/","url_meta":{"origin":1024,"position":1},"title":"FAQ","date":"novembro 28, 2020","format":false,"excerpt":"Perguntas Frequentes - FAQ Reunimos aqui algumas das principais d\u00favidas que recebemos de pais e respons\u00e1veis interessados em matricular os filhos na creche. Caso ainda n\u00e3o tenha sua quest\u00e3o respondida entre em contato com a gente clicando aqui. A creche Lar Constante Ometto \u00e9 uma creche p\u00fablica municipal? N\u00e3o, somos\u2026","rel":"","context":"Post similar","img":{"alt_text":"","src":"","width":0,"height":0},"classes":[]}],"_links":{"self":[{"href":"http:\/\/www.crechelarconstanteometto.com.br\/site\/wp-json\/wp\/v2\/pages\/1024"}],"collection":[{"href":"http:\/\/www.crechelarconstanteometto.com.br\/site\/wp-json\/wp\/v2\/pages"}],"about":[{"href":"http:\/\/www.crechelarconstanteometto.com.br\/site\/wp-json\/wp\/v2\/types\/page"}],"author":[{"embeddable":true,"href":"http:\/\/www.crechelarconstanteometto.com.br\/site\/wp-json\/wp\/v2\/users\/1"}],"replies":[{"embeddable":true,"href":"http:\/\/www.crechelarconstanteometto.com.br\/site\/wp-json\/wp\/v2\/comments?post=1024"}],"version-history":[{"count":56,"href":"http:\/\/www.crechelarconstanteometto.com.br\/site\/wp-json\/wp\/v2\/pages\/1024\/revisions"}],"predecessor-version":[{"id":1808,"href":"http:\/\/www.crechelarconstanteometto.com.br\/site\/wp-json\/wp\/v2\/pages\/1024\/revisions\/1808"}],"wp:attachment":[{"href":"http:\/\/www.crechelarconstanteometto.com.br\/site\/wp-json\/wp\/v2\/media?parent=1024"}],"curies":[{"name":"wp","href":"https:\/\/api.w.org\/{rel}","templated":true}]}}